{"id":2441,"date":"2025-05-14T14:14:50","date_gmt":"2025-05-14T12:14:50","guid":{"rendered":"https:\/\/www.se-elektronic.com\/?page_id=2441"},"modified":"2025-07-03T14:15:27","modified_gmt":"2025-07-03T12:15:27","slug":"imprint","status":"publish","type":"page","link":"https:\/\/www.se-elektronic.com\/en\/imprint\/","title":{"rendered":"Imprint"},"content":{"rendered":"\t\t<div data-elementor-type=\"wp-page\" data-elementor-id=\"2441\" class=\"elementor elementor-2441\" data-elementor-post-type=\"page\">\n\t\t\t\t<div class=\"elementor-element elementor-element-d2bf090 e-flex e-con-boxed e-con e-parent\" data-id=\"d2bf090\" data-element_type=\"container\" data-e-type=\"container\" data-settings=\"{&quot;background_background&quot;:&quot;classic&quot;}\">\n\t\t\t\t\t<div class=\"e-con-inner\">\n\t\t<div class=\"elementor-element elementor-element-c614e0c e-flex e-con-boxed e-con e-child\" data-id=\"c614e0c\" data-element_type=\"container\" data-e-type=\"container\">\n\t\t\t\t\t<div class=\"e-con-inner\">\n\t\t\t\t<div class=\"elementor-element elementor-element-e01c87e elementor-widget elementor-widget-global elementor-global-2623 elementor-widget-woocommerce-breadcrumb\" data-id=\"e01c87e\" data-element_type=\"widget\" data-e-type=\"widget\" data-widget_type=\"woocommerce-breadcrumb.default\">\n\t\t\t\t<div class=\"elementor-widget-container\">\n\t\t\t\t\t<nav class=\"woocommerce-breadcrumb\" aria-label=\"Breadcrumb\">Home<\/nav>\t\t\t\t<\/div>\n\t\t\t\t<\/div>\n\t\t\t\t\t<\/div>\n\t\t\t\t<\/div>\n\t\t\t\t\t<\/div>\n\t\t\t\t<\/div>\n\t\t<div class=\"elementor-element elementor-element-e0631bd e-flex e-con-boxed e-con e-parent\" data-id=\"e0631bd\" data-element_type=\"container\" data-e-type=\"container\">\n\t\t\t\t\t<div class=\"e-con-inner\">\n\t\t\t\t<div class=\"elementor-element elementor-element-f620aab elementor-widget elementor-widget-text-editor\" data-id=\"f620aab\" data-element_type=\"widget\" data-e-type=\"widget\" data-widget_type=\"text-editor.default\">\n\t\t\t\t<div class=\"elementor-widget-container\">\n\t\t\t\t\t\t\t\t\t<p><span data-contrast=\"auto\">SE-Elektronic GmbH<\/span>\u00a0<br \/><span data-contrast=\"auto\">Eythstra\u00dfe 16<\/span>\u00a0<br \/><span data-contrast=\"auto\">73037 G\u00f6ppingen<\/span><span data-ccp-props=\"{}\">\u00a0<\/span><\/p><p><b><span data-contrast=\"auto\">Managing Director<\/span><\/b>\u00a0<br \/><span data-contrast=\"auto\">Lars Wegmann<\/span>\u00a0<br \/><span data-contrast=\"auto\">Markus H\u00e4ring<\/span><span data-ccp-props=\"{}\">\u00a0<\/span><\/p><p><b><span data-contrast=\"auto\">Trade Register<\/span><\/b>\u00a0<br \/><span data-contrast=\"auto\">Amtsgericht Ulm HRB Nr. 531354<\/span><span data-ccp-props=\"{}\">\u00a0<\/span><\/p><p><b><span data-contrast=\"auto\">VAT Identification Number<\/span><\/b>\u00a0<br \/><span data-contrast=\"auto\">DE145552734<\/span><span data-ccp-props=\"{}\">\u00a0<\/span><\/p><p><b><span data-contrast=\"auto\">Phone<\/span><\/b>\u00a0<br \/><span data-contrast=\"auto\">+49 7161 9584 \u2013 0<\/span><span data-ccp-props=\"{}\">\u00a0<\/span><\/p><p><b><span data-contrast=\"auto\">Fax<\/span><\/b>\u00a0<br \/><span data-contrast=\"auto\">+49 7161 9584 \u2013 45<\/span>\u00a0<\/p><p><strong>Email<\/strong><br \/><a href=\"mailto:info@se-elektronic.de\" target=\"_blank\" rel=\"noopener\"><span data-contrast=\"none\">info@se-elektronic.de<\/span><\/a><span data-ccp-props=\"{}\">\u00a0<\/span><\/p><p><span data-ccp-props=\"{}\">\u00a0<\/span><\/p><p><b><span data-contrast=\"auto\">Disclaimer<\/span><\/b><span data-ccp-props=\"{}\">\u00a0<\/span><\/p><ol><li><b><span data-contrast=\"auto\">Content of the Online Offer<\/span><\/b>\u00a0<br \/><span data-contrast=\"auto\">The author assumes no responsibility for the topicality, correctness, completeness, or quality of the information provided. Liability claims against the author relating to material or non-material damage caused by the use or non-use of the information provided, or by the use of incorrect or incomplete information, are fundamentally excluded unless there is proven intentional or grossly negligent fault on the part of the author. All offers are non-binding and without obligation. The author expressly reserves the right to change, supplement, delete parts of the pages or the entire offer without prior notice, or to temporarily or permanently cease publication.<\/span><span data-ccp-props=\"{}\">\u00a0<\/span><\/li><li><b><span data-contrast=\"auto\">References and Links<\/span><\/b>\u00a0<br \/><span data-contrast=\"auto\">For direct or indirect references to external websites (&#8220;links&#8221;) that lie outside the author&#8217;s area of responsibility, liability would only come into effect if the author had knowledge of the content and it was technically possible and reasonable for them to prevent the use in the case of illegal content. The author hereby expressly declares that at the time the links were created, no illegal content was recognizable on the linked pages. The author has no influence on the current and future design, content, or authorship of the linked pages. Therefore, the author hereby expressly distances themselves from all content on all linked or connected pages that were changed after the link was set. This statement applies to all links and references set within the author&#8217;s own internet offer as well as to third-party entries in guest books, discussion forums, and mailing lists set up by the author. The provider of the page to which reference was made is solely liable for illegal, incorrect, or incomplete content and especially for damages resulting from the use or non-use of such information, not the one who merely refers to the respective publication via links.<\/span><span data-ccp-props=\"{}\">\u00a0<\/span><\/li><li><b><span data-contrast=\"auto\">Copyright and Trademark Law<\/span><\/b>\u00a0<br \/><span data-contrast=\"auto\">The author endeavors to observe the copyrights of the graphics, audio documents, video sequences, and texts used in all publications, to use graphics, audio documents, video sequences, and texts created by themselves, or to use license-free graphics, audio documents, video sequences, and texts. All brand names and trademarks mentioned within the internet offer and possibly protected by third parties are subject without restriction to the provisions of the applicable trademark law and the ownership rights of the respective registered owners. The mere mention does not imply that trademarks are not protected by third-party rights! The copyright for published objects created by the author remains solely with the author of the pages. Any duplication or use of such graphics, audio documents, video sequences, and texts in other electronic or printed publications is not permitted without the author&#8217;s express consent.<\/span><span data-ccp-props=\"{}\">\u00a0<\/span><\/li><li><b><span data-contrast=\"auto\">Data Protection<\/span><\/b>\u00a0<br \/><span data-contrast=\"auto\">If there is an option to enter personal or business data (email addresses, names, addresses) within the internet offer, the disclosure of this data by the user is expressly voluntary. The use and payment of all offered services is \u2013 as far as technically possible and reasonable \u2013 also permitted without providing such data or by providing anonymized data or a pseudonym.<\/span><span data-ccp-props=\"{}\">\u00a0<\/span><\/li><li><b><span data-contrast=\"auto\">Legal Validity of this Disclaimer<\/span><\/b>\u00a0<br \/><span data-contrast=\"auto\">This disclaimer is to be regarded as part of the internet offer from which this page was referenced. If parts or individual formulations of this text do not, no longer, or do not fully comply with the applicable legal situation, the remaining parts of the document remain unaffected in their content and validity.<\/span><span data-ccp-props=\"{}\">\u00a0<\/span><\/li><li><b><span data-contrast=\"auto\">Image and Graphic Sources<\/span><\/b>\u00a0<br \/><span data-contrast=\"auto\">Our images come from various sources:<\/span>\u00a0<br \/><\/li><\/ol><ul><li><span data-contrast=\"auto\">Employees of SE-Elektronic GmbH<\/span><span data-ccp-props=\"{&quot;335559685&quot;:720}\">\u00a0<\/span><\/li><li><span data-contrast=\"auto\">Photographer of SE-Elektronic GmbH:<\/span>\u00a0<br \/><span data-contrast=\"auto\">Tobias Fr\u00f6hner Photography<\/span>\u00a0<br \/><a href=\"http:\/\/www.tobias-froehner.de\/\" target=\"_blank\" rel=\"nofollow noopener\"><span data-contrast=\"none\">www.tobias-froehner.de<\/span><\/a><span data-ccp-props=\"{&quot;335559685&quot;:720}\">\u00a0<\/span><\/li><li><b><span data-contrast=\"auto\">Additional sources<\/span><\/b><span data-contrast=\"auto\">:<\/span>\u00a0<br \/><a href=\"http:\/\/www.photocase.com\/\" target=\"_blank\" rel=\"nofollow noopener\"><span data-contrast=\"none\">www.photocase.com<\/span><\/a>\u00a0<br \/><a href=\"http:\/\/www.istockphoto.com\/\" target=\"_blank\" rel=\"nofollow noopener\"><span data-contrast=\"none\">www.istockphoto.com<\/span><\/a>\u00a0<br \/><a href=\"http:\/\/www.fotolia.de\/\" target=\"_blank\" rel=\"nofollow noopener\"><span data-contrast=\"none\">www.fotolia.de<\/span><\/a>\u00a0<br \/><a href=\"http:\/\/www.iconarchive.com\/\" target=\"_blank\" rel=\"nofollow noopener\"><span data-contrast=\"none\">www.iconarchive.com<\/span><\/a>\u00a0<br \/><a href=\"http:\/\/www.iconfinder.com\/\" target=\"_blank\" rel=\"nofollow noopener\"><span data-contrast=\"none\">www.iconfinder.com<\/span><\/a>\u00a0<br \/><a href=\"https:\/\/www.shutterstock.com\/\" target=\"_blank\" rel=\"nofollow noopener\"><span data-contrast=\"none\">www.shutterstock.com<\/span><\/a><\/li><\/ul>\t\t\t\t\t\t\t\t<\/div>\n\t\t\t\t<\/div>\n\t\t\t\t\t<\/div>\n\t\t\t\t<\/div>\n\t\t<div class=\"elementor-element elementor-element-e698e25 elementor-hidden-desktop elementor-hidden-tablet elementor-hidden-mobile e-flex e-con-boxed e-con e-parent\" data-id=\"e698e25\" data-element_type=\"container\" data-e-type=\"container\">\n\t\t\t\t\t<div class=\"e-con-inner\">\n\t\t\t\t<div class=\"elementor-element elementor-element-3baae25 elementor-widget elementor-widget-text-editor\" data-id=\"3baae25\" data-element_type=\"widget\" data-e-type=\"widget\" data-widget_type=\"text-editor.default\">\n\t\t\t\t<div class=\"elementor-widget-container\">\n\t\t\t\t\t\t\t\t\t<p>SE-Elektronic GmbH<br \/>Eythstra\u00dfe 16<br \/>73037 G\u00f6ppingen<\/p><p><strong>Gesch\u00e4ftsf\u00fchrer<\/strong><br \/>Lars Wegmann<br \/>Markus H\u00e4ring<\/p><p><strong>Handelsregister<\/strong><br \/>Amtsgericht Ulm HRB Nr. 531354<\/p><p><strong>Umsatzsteuer-Identifikatiosnummer<\/strong><br \/>DE145552734<\/p><p><strong>Telefon<\/strong><br \/>+49 7161 9584 &#8211; 0<\/p><p><strong>Fax<\/strong><br \/>+49 7161 9584 &#8211; 45<br \/>info@se-elektronic.de<\/p><h2>Haftungsausschluss<\/h2><h3>1. Inhalt des Onlineangebotes<\/h3><p>Der Autor \u00fcbernimmt keinerlei Gew\u00e4hr f\u00fcr die Aktualit\u00e4t, Korrektheit, Vollst\u00e4ndigkeit oder Qualit\u00e4t der bereitgestellten Informationen. Haftungsanspr\u00fcche gegen den Autor, welche sich auf Sch\u00e4den materieller oder ideeller Art beziehen, die durch die Nutzung oder Nichtnutzung der dargebotenen Informationen bzw. durch die Nutzung fehlerhafter und unvollst\u00e4ndiger Informationen verursacht wurden, sind grunds\u00e4tzlich ausgeschlossen, sofern seitens des Autors kein nachweislich vors\u00e4tzliches oder grob fahrl\u00e4ssiges Verschulden vorliegt. Alle Angebote sind freibleibend und unverbindlich. Der Autor beh\u00e4lt es sich ausdr\u00fccklich vor, Teile der Seiten oder das gesamte Angebot ohne gesonderte Ank\u00fcndigung zu ver\u00e4ndern, zu erg\u00e4nzen, zu l\u00f6schen oder die Ver\u00f6ffentlichung zeitweise oder endg\u00fcltig einzustellen.<\/p><h3>2. Verweise und Links<\/h3><p>Bei direkten oder indirekten Verweisen auf fremde Internetseiten (&#8220;Links&#8221;), die au\u00dferhalb des Verantwortungsbereiches des Autors liegen, w\u00fcrde eine Haftungsverpflichtung ausschlie\u00dflich in dem Fall in Kraft treten, in dem der Autor von den Inhalten Kenntnis hat und es ihm technisch m\u00f6glich und zumutbar w\u00e4re, die Nutzung im Falle rechtswidriger Inhalte zu verhindern. Der Autor erkl\u00e4rt hiermit ausdr\u00fccklich, dass zum Zeitpunkt der Linksetzung keine illegalen Inhalte auf den zu verlinkenden Seiten erkennbar waren. Auf die aktuelle und zuk\u00fcnftige Gestaltung, die Inhalte oder die Urheberschaft der gelinkten\/verkn\u00fcpften Seiten hat der Autor keinerlei Einfluss. Deshalb distanziert er sich hiermit ausdr\u00fccklich von allen Inhalten aller gelinkten \/verkn\u00fcpften Seiten, die nach der Linksetzung ver\u00e4ndert wurden. Diese Feststellung gilt f\u00fcr alle innerhalb des eigenen Internetangebotes gesetzten Links und Verweise sowie f\u00fcr Fremdeintr\u00e4ge in vom Autor eingerichteten G\u00e4steb\u00fcchern, Diskussionsforen und Mailinglisten. F\u00fcr illegale, fehlerhafte oder unvollst\u00e4ndige Inhalte und insbesondere f\u00fcr Sch\u00e4den, die aus der Nutzung oder Nichtnutzung solcherart dargebotener Informationen entstehen, haftet allein der Anbieter der Seite, auf welche verwiesen wurde, nicht derjenige, der \u00fcber Links auf die jeweilige Ver\u00f6ffentlichung lediglich verweist.<\/p><h3>3. Urheber- und Kennzeichenrecht<\/h3><p>Der Autor ist bestrebt, in allen Publikationen die Urheberrechte der verwendeten Grafiken, Tondokumente, Videosequenzen und Texte zu beachten, von ihm selbst erstellte Grafiken, Tondokumente, Videosequenzen und Texte zu nutzen oder auf lizenzfreie Grafiken, Tondokumente, Videosequenzen und Texte zur\u00fcckzugreifen. Alle innerhalb des Internetangebotes genannten und ggf. durch Dritte gesch\u00fctzten Marken- und Warenzeichen unterliegen uneingeschr\u00e4nkt den Bestimmungen des jeweils g\u00fcltigen Kennzeichenrechts und den Besitzrechten der jeweiligen eingetragenen Eigent\u00fcmer. Allein aufgrund der blo\u00dfen Nennung ist nicht der Schlu\u00df zu ziehen, dass Markenzeichen nicht durch Rechte Dritter gesch\u00fctzt sind! Das Copyright f\u00fcr ver\u00f6ffentlichte, vom Autor selbst erstellte Objekte bleibt allein beim Autor der Seiten. Eine Vervielf\u00e4ltigung oder Verwendung solcher Grafiken, Tondokumente, Videosequenzen und Texte in anderen elektronischen oder gedruckten Publikationen ist ohne ausdr\u00fcckliche Zustimmung des Autors nicht gestattet.<\/p><h3>4. Datenschutz<\/h3><p>Sofern innerhalb des Internetangebotes die M\u00f6glichkeit zur Eingabe pers\u00f6nlicher oder gesch\u00e4ftlicher Daten (Emailadressen, Namen, Anschriften) besteht, so erfolgt die Preisgabe dieser Daten seitens des Nutzers auf ausdr\u00fccklich freiwilliger Basis. Die Inanspruchnahme und Bezahlung aller angebotenen Dienste ist &#8211; soweit technisch m\u00f6glich und zumutbar &#8211; auch ohne Angabe solcher Daten bzw. unter Angabe anonymisierter Daten oder eines Pseudonyms gestattet.<\/p><h3>5. Rechtswirksamkeit dieses Haftungsausschlusses<\/h3><p>Dieser Haftungsausschluss ist als Teil des Internetangebotes zu betrachten, von dem aus auf diese Seite verwiesen wurde. Sofern Teile oder einzelne Formulierungen dieses Textes der geltenden Rechtslage nicht, nicht mehr oder nicht vollst\u00e4ndig entsprechen sollten, bleiben die \u00fcbrigen Teile des Dokumentes in ihrem Inhalt und ihrer G\u00fcltigkeit davon unber\u00fchrt.<\/p><h3>6. Quelle f\u00fcr Bilder und Grafiken<\/h3><p>Unsere Bilder stammen von unterschiedlichen Quellen:<br \/>Mitarbeiter von SE-Elektronic GmbH<\/p><p>Fotograf von SE-Elektronic GmbH:<br \/>Tobias Fr\u00f6hner Photography<br \/><a title=\"Opens external link in new window\" href=\"http:\/\/www.tobias-froehner.de\/\" target=\"_blank\" rel=\"noopener\">www.tobias-froehner.de<\/a><\/p><p>weitere Quellen:<br \/><a title=\"Opens external link in new window\" href=\"http:\/\/www.photocase.com\/\" target=\"_blank\" rel=\"noopener\">www.photocase.com<\/a><br \/><a title=\"Opens external link in new window\" href=\"http:\/\/www.istockphoto.com\/\" target=\"_blank\" rel=\"noopener\">www.istockphoto.com<\/a><br \/><a title=\"Opens external link in new window\" href=\"http:\/\/www.fotolia.de\/\" target=\"_blank\" rel=\"noopener\">www.fotolia.de<\/a><br \/><a title=\"Opens external link in new window\" href=\"http:\/\/www.iconarchive.com\/\" target=\"_blank\" rel=\"noopener\">www.iconarchive.com<\/a><br \/><a title=\"Opens external link in new window\" href=\"http:\/\/www.iconfinder.com\/\" target=\"_blank\" rel=\"noopener\">www.iconfinder.com<\/a>\u00b7\u00a0\u00a0<\/p>\t\t\t\t\t\t\t\t<\/div>\n\t\t\t\t<\/div>\n\t\t\t\t\t<\/div>\n\t\t\t\t<\/div>\n\t\t\t\t<\/div>\n\t\t","protected":false},"excerpt":{"rendered":"<p>SE-Elektronic GmbH\u00a0Eythstra\u00dfe 16\u00a073037 G\u00f6ppingen\u00a0 Managing Director\u00a0Lars Wegmann\u00a0Markus H\u00e4ring\u00a0 Trade Register\u00a0Amtsgericht Ulm HRB Nr. 531354\u00a0 VAT Identification Number\u00a0DE145552734\u00a0 Phone\u00a0+49 7161 9584 \u2013 0\u00a0 Fax\u00a0+49 7161 9584 \u2013 45\u00a0 Emailinfo@se-elektronic.de\u00a0 \u00a0 Disclaimer\u00a0 Content of the Online Offer\u00a0The author assumes no responsibility for the topicality, correctness, completeness, or quality of the information provided. Liability claims against the author [&hellip;]<\/p>\n","protected":false},"author":1,"featured_media":3292,"parent":0,"menu_order":0,"comment_status":"closed","ping_status":"closed","template":"","meta":{"_acf_changed":false,"footnotes":""},"class_list":["post-2441","page","type-page","status-publish","has-post-thumbnail","hentry"],"acf":[],"aioseo_notices":[],"_links":{"self":[{"href":"https:\/\/www.se-elektronic.com\/en\/wp-json\/wp\/v2\/pages\/2441","targetHints":{"allow":["GET"]}}],"collection":[{"href":"https:\/\/www.se-elektronic.com\/en\/wp-json\/wp\/v2\/pages"}],"about":[{"href":"https:\/\/www.se-elektronic.com\/en\/wp-json\/wp\/v2\/types\/page"}],"author":[{"embeddable":true,"href":"https:\/\/www.se-elektronic.com\/en\/wp-json\/wp\/v2\/users\/1"}],"replies":[{"embeddable":true,"href":"https:\/\/www.se-elektronic.com\/en\/wp-json\/wp\/v2\/comments?post=2441"}],"version-history":[{"count":19,"href":"https:\/\/www.se-elektronic.com\/en\/wp-json\/wp\/v2\/pages\/2441\/revisions"}],"predecessor-version":[{"id":6621,"href":"https:\/\/www.se-elektronic.com\/en\/wp-json\/wp\/v2\/pages\/2441\/revisions\/6621"}],"wp:featuredmedia":[{"embeddable":true,"href":"https:\/\/www.se-elektronic.com\/en\/wp-json\/wp\/v2\/media\/3292"}],"wp:attachment":[{"href":"https:\/\/www.se-elektronic.com\/en\/wp-json\/wp\/v2\/media?parent=2441"}],"curies":[{"name":"wp","href":"https:\/\/api.w.org\/{rel}","templated":true}]}}